{"id":10647,"date":"2023-04-02T21:31:29","date_gmt":"2023-04-02T18:31:29","guid":{"rendered":"http:\/\/shuttleistanbul724.com\/?page_id=10647"},"modified":"2025-05-27T14:26:24","modified_gmt":"2025-05-27T11:26:24","slug":"gizlilik","status":"publish","type":"page","link":"https:\/\/shuttleistanbul724.com\/index.php\/gizlilik\/","title":{"rendered":"G\u0130ZL\u0130L\u0130K"},"content":{"rendered":"<p>[et_pb_section fb_built=&#8221;1&#8243; _builder_version=&#8221;4.17.6&#8243; _module_preset=&#8221;default&#8221; global_colors_info=&#8221;{}&#8221;][et_pb_row _builder_version=&#8221;4.17.6&#8243; _module_preset=&#8221;default&#8221; global_colors_info=&#8221;{}&#8221;][et_pb_column type=&#8221;4_4&#8243; _builder_version=&#8221;4.17.6&#8243; _module_preset=&#8221;default&#8221; global_colors_info=&#8221;{}&#8221;][et_pb_text _builder_version=&#8221;4.17.6&#8243; _module_preset=&#8221;default&#8221; global_colors_info=&#8221;{}&#8221;]<\/p>\n<h1 style=\"text-align: center;\">G\u0130ZL\u0130L\u0130K POL\u0130T\u0130KASI<\/h1>\n<h4 style=\"text-align: center;\">PRIVACY POLICY<\/h4>\n<p>[\/et_pb_text][et_pb_tabs _builder_version=&#8221;4.17.6&#8243; _module_preset=&#8221;default&#8221; global_colors_info=&#8221;{}&#8221;][et_pb_tab title=&#8221;TR&#8221; _builder_version=&#8221;4.17.6&#8243; _module_preset=&#8221;default&#8221; global_colors_info=&#8221;{}&#8221;]<\/p>\n<p>G\u00fcvenli\u011finiz bizim i\u00e7in \u00f6nemli. Bu sebeple bizimle payla\u015faca\u011f\u0131n\u0131z ki\u015fisel verileriz hassasiyetle korunmaktad\u0131r.<\/p>\n<p>Biz, \u015eirket Ad\u0131, veri sorumlusu olarak, bu gizlilik ve ki\u015fisel verilerin korunmas\u0131 politikas\u0131 ile, hangi ki\u015fisel verilerinizin hangi ama\u00e7la i\u015flenece\u011fi, i\u015flenen verilerin kimlerle ve neden payla\u015f\u0131labilece\u011fi, veri i\u015fleme y\u00f6ntemimiz ve hukuki sebeplerimiz ile; i\u015flenen verilerinize ili\u015fkin haklar\u0131n\u0131z\u0131n neler oldu\u011fu hususunda sizleri ayd\u0131nlatmay\u0131 ama\u00e7l\u0131yoruz.<\/p>\n<h2 id=\"toplanan-kisisel-verileriniz-toplanma-yoentemi-ve-hukuki-sebebi\">Toplanan Ki\u015fisel Verileriniz, Toplanma Y\u00f6ntemi ve Hukuki Sebebi<\/h2>\n<p>IP adresiniz ve kullan\u0131c\u0131 arac\u0131s\u0131 bilgileriniz, sadece analiz yapmak amac\u0131yla ve \u00e7erezler (cookies) vb. teknolojiler vas\u0131tas\u0131yla, otomatik veya otomatik olmayan y\u00f6ntemlerle ve bazen de analitik sa\u011flay\u0131c\u0131lar, reklam a\u011flar\u0131, arama bilgi sa\u011flay\u0131c\u0131lar\u0131, teknoloji sa\u011flay\u0131c\u0131lar\u0131 gibi \u00fc\u00e7\u00fcnc\u00fc taraflardan elde edilerek, kaydedilerek, depolanarak ve g\u00fcncellenerek, aram\u0131zdaki hizmet ve s\u00f6zle\u015fme ili\u015fkisi \u00e7er\u00e7evesinde ve s\u00fcresince, me\u015fru menfaat i\u015fleme \u015fart\u0131na dayan\u0131larak i\u015flenecektir.<\/p>\n<h2 id=\"kisisel-verilerinizin-islenme-amaci\">Ki\u015fisel Verilerinizin \u0130\u015flenme Amac\u0131<\/h2>\n<p>Bizimle payla\u015ft\u0131\u011f\u0131n\u0131z ki\u015fisel verileriniz sadece analiz yapmak suretiyle; sundu\u011fumuz hizmetlerin gerekliliklerini en iyi \u015fekilde yerine getirebilmek, bu hizmetlere sizin taraf\u0131n\u0131zdan ula\u015f\u0131labilmesini ve maksimum d\u00fczeyde faydalan\u0131labilmesini sa\u011flamak, hizmetlerimizi, ihtiya\u00e7lar\u0131n\u0131z do\u011frultusunda geli\u015ftirebilmek ve sizleri daha geni\u015f kapsaml\u0131 hizmet sa\u011flay\u0131c\u0131lar\u0131 ile yasal \u00e7er\u00e7eveler i\u00e7erisinde bulu\u015fturabilmek ve kanundan do\u011fan zorunluluklar\u0131n (ki\u015fisel verilerin talep halinde adli ve idari makamlarla payla\u015f\u0131lmas\u0131) yerine getirilebilmesi amac\u0131yla, s\u00f6zle\u015fme ve hizmet s\u00fcresince, amac\u0131na uygun ve \u00f6l\u00e7\u00fcl\u00fc bir \u015fekilde i\u015flenecek ve g\u00fcncellenecektir.<\/p>\n<h2 id=\"toplanan-kisisel-verilerin-kimlere-ve-hangi-amaclarla-aktarilabilecegi\">Toplanan Ki\u015fisel Verilerin Kimlere ve Hangi Ama\u00e7larla Aktar\u0131labilece\u011fi<\/h2>\n<p>Bizimle payla\u015ft\u0131\u011f\u0131n\u0131z ki\u015fisel verileriniz; faaliyetlerimizi y\u00fcr\u00fctmek \u00fczere hizmet ald\u0131\u011f\u0131m\u0131z ve\/veya verdi\u011fimiz, s\u00f6zle\u015fmesel ili\u015fki i\u00e7erisinde bulundu\u011fumuz, i\u015f birli\u011fi yapt\u0131\u011f\u0131m\u0131z, yurt i\u00e7i ve yurt d\u0131\u015f\u0131ndaki 3. \u015fah\u0131slar ile kurum ve kurulu\u015flara ve talep halinde adli ve idari makamlara, gerekli teknik ve idari \u00f6nlemler al\u0131nmas\u0131 ko\u015fulu ile aktar\u0131labilecektir.<\/p>\n<h2 id=\"kisisel-verileri-islenen-kisi-olarak-haklariniz\">Ki\u015fisel Verileri \u0130\u015flenen Ki\u015fi Olarak Haklar\u0131n\u0131z<\/h2>\n<p>KVKK madde 11 uyar\u0131nca herkes, veri sorumlusuna ba\u015fvurarak a\u015fa\u011f\u0131daki haklar\u0131n\u0131 kullanabilir:<\/p>\n<ol type=\"a\">\n<li>Ki\u015fisel veri i\u015flenip i\u015flenmedi\u011fini \u00f6\u011frenme,<\/li>\n<li>Ki\u015fisel verileri i\u015flenmi\u015fse buna ili\u015fkin bilgi talep etme,<\/li>\n<li>Ki\u015fisel verilerin i\u015flenme amac\u0131n\u0131 ve bunlar\u0131n amac\u0131na uygun kullan\u0131l\u0131p kullan\u0131lmad\u0131\u011f\u0131n\u0131 \u00f6\u011frenme,<\/li>\n<li>Yurt i\u00e7inde veya yurt d\u0131\u015f\u0131nda ki\u015fisel verilerin aktar\u0131ld\u0131\u011f\u0131 \u00fc\u00e7\u00fcnc\u00fc ki\u015fileri bilme,<\/li>\n<li>Ki\u015fisel verilerin eksik veya yanl\u0131\u015f i\u015flenmi\u015f olmas\u0131 h\u00e2linde bunlar\u0131n d\u00fczeltilmesini isteme,<\/li>\n<li>Ki\u015fisel verilerin silinmesini veya yok edilmesini isteme,<\/li>\n<li>(e) ve (f) bentleri uyar\u0131nca yap\u0131lan i\u015flemlerin, ki\u015fisel verilerin aktar\u0131ld\u0131\u011f\u0131 \u00fc\u00e7\u00fcnc\u00fc ki\u015filere bildirilmesini isteme,<\/li>\n<li>\u0130\u015flenen verilerin m\u00fcnhas\u0131ran otomatik sistemler vas\u0131tas\u0131yla analiz edilmesi suretiyle ki\u015finin kendisi aleyhine bir sonucun ortaya \u00e7\u0131kmas\u0131na itiraz etme,<\/li>\n<li>Ki\u015fisel verilerin kanuna ayk\u0131r\u0131 olarak i\u015flenmesi sebebiyle zarara u\u011framas\u0131 h\u00e2linde zarar\u0131n giderilmesini talep etme, haklar\u0131na sahiptir.<\/li>\n<\/ol>\n<p>Yukar\u0131da say\u0131lan haklar\u0131n\u0131z\u0131 kullanmak \u00fczere<span>\u00a0<\/span>email@site.com<span>\u00a0<\/span>\u00fczerinden bizimle ileti\u015fime ge\u00e7ebilirsiniz.<\/p>\n<h2 id=\"iletisim\">\u0130leti\u015fim<\/h2>\n<p>Sizlere hizmet sunabilmek ama\u00e7l\u0131 analizler yapabilmek i\u00e7in, sadece gerekli olan ki\u015fisel verilerinizin, i\u015fbu gizlilik ve ki\u015fisel verilerin i\u015flenmesi politikas\u0131 uyar\u0131nca i\u015flenmesini, kabul edip etmemek hususunda tamamen \u00f6zg\u00fcrs\u00fcn\u00fcz. Siteyi kullanmaya devam etti\u011finiz takdirde kabul etmi\u015f oldu\u011funuz taraf\u0131m\u0131zca varsay\u0131lacak olup, daha ayr\u0131nt\u0131l\u0131 bilgi i\u00e7in bizimle<span>\u00a0<\/span>email@site.com<span>\u00a0<\/span>e-mail adresi \u00fczerinden ileti\u015fime ge\u00e7mekten l\u00fctfen \u00e7ekinmeyiniz.<\/p>\n<p>[\/et_pb_tab][et_pb_tab title=&#8221;EN&#8221; _builder_version=&#8221;4.17.6&#8243; _module_preset=&#8221;default&#8221; global_colors_info=&#8221;{}&#8221;]<\/p>\n<p>Your safety is important to us. For this reason, your personal data that you will share with us is sensitively protected.<\/p>\n<p>We, the Company Name, as the data controller, with this privacy and personal data protection policy, which personal data will be processed for what purpose, with whom and why the processed data can be shared, our data processing method and our legal reasons; We aim to enlighten you about your rights regarding your processed data.<\/p>\n<p>Your Collected Personal Data, Collection Method and Legal Reason<br \/>Your IP address and user agent information are only used for analytics and cookies etc. will be processed by means of technologies, automatic or non-automatic methods and sometimes obtained from third parties such as analytical providers, advertising networks, search information providers, technology providers, recorded, stored and updated, within the framework and duration of the service and contractual relationship between us, on the basis of the legitimate interest processing condition. .<\/p>\n<p>Purpose of Processing Your Personal Data<br \/>Your personal data that you share with us only by analyzing; to fulfill the requirements of the services we offer in the best way, to ensure that these services can be accessed and utilized by you at the maximum level, to develop our services in line with your needs and to bring you together with broader service providers within legal frameworks, It will be processed and updated in accordance with its purpose and proportionately during the contract and service period, in order to fulfill the<\/p>\n<p>To Whom and For What Purposes the Personal Data Collected Can Be Transferred<br \/>Your personal data you share with us; It can be transferred to third parties, institutions and organizations at home and abroad, with which we receive and\/or provide services to carry out our activities, with whom we have contractual relations, with whom we cooperate, and to judicial and administrative authorities upon request, provided that necessary technical and administrative measures are taken.<\/p>\n<p>Your Rights as the Person whose Personal Data is Processed<br \/>Pursuant to article 11 of the KVKK, everyone can use the following rights by applying to the data controller:<\/p>\n<p>Learning whether personal data is processed or not,<br \/>If personal data has been processed, requesting information about it,<br \/>Learning the purpose of processing personal data and whether they are used in accordance with its purpose,<br \/>Knowing the third parties to whom personal data is transferred at home or abroad,<br \/>Requesting correction of personal data in case of incomplete or incorrect processing,<br \/>Requesting the deletion or destruction of personal data,<br \/>Requesting notification of the transactions made pursuant to subparagraphs (e) and (f) to third parties to whom personal data has been transferred,<br \/>Objecting to the emergence of a result against the person himself by analyzing the processed data exclusively through automated systems,<br \/>It has the right to demand the compensation of the damage in case of loss due to the unlawful processing of personal data.<br \/>You can contact us via email@site.com to exercise your above-mentioned rights.<\/p>\n<p>Communication<br \/>You are completely free to accept or reject the processing of your personal data, which is only necessary, in accordance with this privacy and personal data processing policy, in order to perform analyzes to serve you. If you continue to use the site, we will assume that you have accepted it, and for more detailed information, please do not hesitate to contact us via email@site.com.<\/p>\n<p>[\/et_pb_tab][\/et_pb_tabs][\/et_pb_column][\/et_pb_row][\/et_pb_section]<\/p>\n","protected":false},"excerpt":{"rendered":"<p>G\u0130ZL\u0130L\u0130K POL\u0130T\u0130KASI PRIVACY POLICYG\u00fcvenli\u011finiz bizim i\u00e7in \u00f6nemli. Bu sebeple bizimle payla\u015faca\u011f\u0131n\u0131z ki\u015fisel verileriz hassasiyetle korunmaktad\u0131r. Biz, \u015eirket Ad\u0131, veri sorumlusu olarak, bu gizlilik ve ki\u015fisel verilerin korunmas\u0131 politikas\u0131 ile, hangi ki\u015fisel verilerinizin hangi ama\u00e7la i\u015flenece\u011fi, i\u015flenen verilerin kimlerle ve neden payla\u015f\u0131labilece\u011fi, veri i\u015fleme y\u00f6ntemimiz ve hukuki sebeplerimiz ile; i\u015flenen verilerinize ili\u015fkin haklar\u0131n\u0131z\u0131n neler oldu\u011fu hususunda [&hellip;]<\/p>\n","protected":false},"author":1,"featured_media":0,"parent":0,"menu_order":0,"comment_status":"closed","ping_status":"closed","template":"","meta":{"_et_pb_use_builder":"on","_et_pb_old_content":"<!-- wp:divi\/placeholder \/-->","_et_gb_content_width":"","footnotes":""},"class_list":["post-10647","page","type-page","status-publish","hentry"],"_links":{"self":[{"href":"https:\/\/shuttleistanbul724.com\/index.php\/wp-json\/wp\/v2\/pages\/10647","targetHints":{"allow":["GET"]}}],"collection":[{"href":"https:\/\/shuttleistanbul724.com\/index.php\/wp-json\/wp\/v2\/pages"}],"about":[{"href":"https:\/\/shuttleistanbul724.com\/index.php\/wp-json\/wp\/v2\/types\/page"}],"author":[{"embeddable":true,"href":"https:\/\/shuttleistanbul724.com\/index.php\/wp-json\/wp\/v2\/users\/1"}],"replies":[{"embeddable":true,"href":"https:\/\/shuttleistanbul724.com\/index.php\/wp-json\/wp\/v2\/comments?post=10647"}],"version-history":[{"count":12,"href":"https:\/\/shuttleistanbul724.com\/index.php\/wp-json\/wp\/v2\/pages\/10647\/revisions"}],"predecessor-version":[{"id":10703,"href":"https:\/\/shuttleistanbul724.com\/index.php\/wp-json\/wp\/v2\/pages\/10647\/revisions\/10703"}],"wp:attachment":[{"href":"https:\/\/shuttleistanbul724.com\/index.php\/wp-json\/wp\/v2\/media?parent=10647"}],"curies":[{"name":"wp","href":"https:\/\/api.w.org\/{rel}","templated":true}]}}